{"id":2596,"date":"2023-02-27T14:58:14","date_gmt":"2023-02-27T14:58:14","guid":{"rendered":"https:\/\/juvyskin.com\/blog\/"},"modified":"2023-04-07T16:04:24","modified_gmt":"2023-04-07T16:04:24","slug":"blog","status":"publish","type":"page","link":"https:\/\/juvyskin.com\/hr\/blog\/","title":{"rendered":"Blog"},"content":{"rendered":"<div class='flex_column av-2yasck-82ff97d37f175f81a36c5029efa99da1 av_one_full  avia-builder-el-0  avia-builder-el-no-sibling  first flex_column_div '     ><div  data-slideshow-options=\"{&quot;animation&quot;:&quot;fade&quot;,&quot;autoplay&quot;:false,&quot;loop_autoplay&quot;:&quot;once&quot;,&quot;interval&quot;:5,&quot;loop_manual&quot;:&quot;manual-endless&quot;,&quot;autoplay_stopper&quot;:false,&quot;noNavigation&quot;:false,&quot;show_slide_delay&quot;:90}\" class='avia-content-slider avia-content-grid-active avia-content-slider1 avia-content-slider-odd  avia-builder-el-1  avia-builder-el-no-sibling  av-slideshow-ui av-control-default   av-no-slider-navigation av-slideshow-manual av-loop-once av-loop-manual-endless '  itemscope=\"itemscope\" itemtype=\"https:\/\/schema.org\/Blog\" ><div class=\"avia-content-slider-inner\"><div class=\"slide-entry-wrap\"><article class='slide-entry flex_column  post-entry post-entry-2600 slide-entry-overview slide-loop-1 slide-parity-odd  av_one_third first real-thumbnail post-format-standard'  itemscope=\"itemscope\" itemtype=\"https:\/\/schema.org\/CreativeWork\" ><a href='https:\/\/juvyskin.com\/hr\/kako-postici-i-odrzati-taj-sjaj\/' data-rel='slide-1' class='slide-image' title='KAKO POSTI\u0106I I ODR\u017dATI &#8220;TAJ&#8221; SJAJ'><img decoding=\"async\" width=\"495\" height=\"400\" src=\"https:\/\/juvyskin.com\/wp-content\/uploads\/2023\/02\/skincare-glow-495x400.jpg\" class=\"wp-image-2566 avia-img-lazy-loading-not-2566 attachment-portfolio size-portfolio wp-post-image\" alt=\"\" srcset=\"https:\/\/juvyskin.com\/wp-content\/uploads\/2023\/02\/skincare-glow-495x400.jpg 495w, https:\/\/juvyskin.com\/wp-content\/uploads\/2023\/02\/skincare-glow-845x684.jpg 845w\" sizes=\"(max-width: 495px) 100vw, 495px\" \/><\/a><div class=\"slide-content\"><header class=\"entry-content-header\"><span class=\"blog-categories minor-meta\"><a href=\"https:\/\/juvyskin.com\/hr\/category\/skincare-hr\/\" rel=\"tag\">Skincare<\/a> <\/span><h3 class='slide-entry-title entry-title '  itemprop=\"headline\" ><a href='https:\/\/juvyskin.com\/hr\/kako-postici-i-odrzati-taj-sjaj\/' title='KAKO POSTI\u0106I I ODR\u017dATI &#8220;TAJ&#8221; SJAJ'>KAKO POSTI\u0106I I ODR\u017dATI &#8220;TAJ&#8221; SJAJ<\/a><\/h3><span class=\"av-vertical-delimiter\"><\/span><\/header><div class='slide-entry-excerpt entry-content'  itemprop=\"text\" >Ne bojte se eksperimentirati i posavjetujte se sa stru\u010dnjakom za njegu ko\u017ee kako biste prona\u0161li najbolju rutinu njege za sebe.<div class=\"read-more-link\"><a href=\"https:\/\/juvyskin.com\/hr\/kako-postici-i-odrzati-taj-sjaj\/\" class=\"more-link\">Read more<span class=\"more-link-arrow\"><\/span><\/a><\/div><\/div><\/div><footer class=\"entry-footer\"><div class=\"slide-meta\"><time class='slide-meta-time updated'  itemprop=\"datePublished\" datetime=\"2023-02-17T15:06:00+00:00\" >17. velja\u010de 2023.<\/time><\/div><\/footer><span class='hidden'>\n\t\t\t\t<span class='av-structured-data'  itemprop=\"image\" itemscope=\"itemscope\" itemtype=\"https:\/\/schema.org\/ImageObject\" >\n\t\t\t\t\t\t<span itemprop='url'>https:\/\/juvyskin.com\/wp-content\/uploads\/2023\/02\/skincare-glow.jpg<\/span>\n\t\t\t\t\t\t<span itemprop='height'>755<\/span>\n\t\t\t\t\t\t<span itemprop='width'>1354<\/span>\n\t\t\t\t<\/span>\n\t\t\t\t<span class='av-structured-data'  itemprop=\"publisher\" itemtype=\"https:\/\/schema.org\/Organization\" itemscope=\"itemscope\" >\n\t\t\t\t\t\t<span itemprop='name'>juvy<\/span>\n\t\t\t\t\t\t<span itemprop='logo' itemscope itemtype='https:\/\/schema.org\/ImageObject'>\n\t\t\t\t\t\t\t<span itemprop='url'>https:\/\/juvyskin.com\/wp-content\/uploads\/2022\/12\/Juvy-web-logo-dark-300x55.png<\/span>\n\t\t\t\t\t\t <\/span>\n\t\t\t\t<\/span><span class='av-structured-data'  itemprop=\"author\" itemscope=\"itemscope\" itemtype=\"https:\/\/schema.org\/Person\" ><span itemprop='name'>juvy<\/span><\/span><span class='av-structured-data'  itemprop=\"datePublished\" datetime=\"2023-02-27T14:58:14+00:00\" >2023-02-17 15:06:00<\/span><span class='av-structured-data'  itemprop=\"dateModified\" itemtype=\"https:\/\/schema.org\/dateModified\" >2023-04-07 16:14:06<\/span><span class='av-structured-data'  itemprop=\"mainEntityOfPage\" itemtype=\"https:\/\/schema.org\/mainEntityOfPage\" ><span itemprop='name'>KAKO POSTI\u0106I I ODR\u017dATI &#8220;TAJ&#8221; SJAJ<\/span><\/span><\/span><\/article><article class='slide-entry flex_column  post-entry post-entry-2603 slide-entry-overview slide-loop-2 slide-parity-even  post-entry-last  av_one_third  real-thumbnail post-format-standard'  itemscope=\"itemscope\" itemtype=\"https:\/\/schema.org\/CreativeWork\" ><a href='https:\/\/juvyskin.com\/hr\/biomimeticka-njega-koze\/' data-rel='slide-1' class='slide-image' title='BIOMIMETI\u010cKA NJEGA KO\u017dE'><img decoding=\"async\" width=\"495\" height=\"400\" src=\"https:\/\/juvyskin.com\/wp-content\/uploads\/2023\/02\/biometric-skincare-blog-495x400.jpg\" class=\"wp-image-2565 avia-img-lazy-loading-not-2565 attachment-portfolio size-portfolio wp-post-image\" alt=\"\" srcset=\"https:\/\/juvyskin.com\/wp-content\/uploads\/2023\/02\/biometric-skincare-blog-495x400.jpg 495w, https:\/\/juvyskin.com\/wp-content\/uploads\/2023\/02\/biometric-skincare-blog-845x684.jpg 845w\" sizes=\"(max-width: 495px) 100vw, 495px\" \/><\/a><div class=\"slide-content\"><header class=\"entry-content-header\"><span class=\"blog-categories minor-meta\"><a href=\"https:\/\/juvyskin.com\/hr\/category\/skincare-hr\/\" rel=\"tag\">Skincare<\/a> <\/span><h3 class='slide-entry-title entry-title '  itemprop=\"headline\" ><a href='https:\/\/juvyskin.com\/hr\/biomimeticka-njega-koze\/' title='BIOMIMETI\u010cKA NJEGA KO\u017dE'>BIOMIMETI\u010cKA NJEGA KO\u017dE<\/a><\/h3><span class=\"av-vertical-delimiter\"><\/span><\/header><div class='slide-entry-excerpt entry-content'  itemprop=\"text\" >Biomimeti\u010dki sastojci su oni koji imitiraju (opona\u0161aju) tvari ili procese koji se prirodno odvijaju u na\u0161oj ko\u017ei, kako bi pobolj\u0161ali njezin izgled i funkciju.<div class=\"read-more-link\"><a href=\"https:\/\/juvyskin.com\/hr\/biomimeticka-njega-koze\/\" class=\"more-link\">Read more<span class=\"more-link-arrow\"><\/span><\/a><\/div><\/div><\/div><footer class=\"entry-footer\"><div class=\"slide-meta\"><time class='slide-meta-time updated'  itemprop=\"datePublished\" datetime=\"2023-02-10T16:55:55+00:00\" >10. velja\u010de 2023.<\/time><\/div><\/footer><span class='hidden'>\n\t\t\t\t<span class='av-structured-data'  itemprop=\"image\" itemscope=\"itemscope\" itemtype=\"https:\/\/schema.org\/ImageObject\" >\n\t\t\t\t\t\t<span itemprop='url'>https:\/\/juvyskin.com\/wp-content\/uploads\/2023\/02\/biometric-skincare-blog.jpg<\/span>\n\t\t\t\t\t\t<span itemprop='height'>750<\/span>\n\t\t\t\t\t\t<span itemprop='width'>1320<\/span>\n\t\t\t\t<\/span>\n\t\t\t\t<span class='av-structured-data'  itemprop=\"publisher\" itemtype=\"https:\/\/schema.org\/Organization\" itemscope=\"itemscope\" >\n\t\t\t\t\t\t<span itemprop='name'>juvy<\/span>\n\t\t\t\t\t\t<span itemprop='logo' itemscope itemtype='https:\/\/schema.org\/ImageObject'>\n\t\t\t\t\t\t\t<span itemprop='url'>https:\/\/juvyskin.com\/wp-content\/uploads\/2022\/12\/Juvy-web-logo-dark-300x55.png<\/span>\n\t\t\t\t\t\t <\/span>\n\t\t\t\t<\/span><span class='av-structured-data'  itemprop=\"author\" itemscope=\"itemscope\" itemtype=\"https:\/\/schema.org\/Person\" ><span itemprop='name'>juvy<\/span><\/span><span class='av-structured-data'  itemprop=\"datePublished\" datetime=\"2023-02-27T14:58:14+00:00\" >2023-02-10 16:55:55<\/span><span class='av-structured-data'  itemprop=\"dateModified\" itemtype=\"https:\/\/schema.org\/dateModified\" >2023-04-07 16:16:55<\/span><span class='av-structured-data'  itemprop=\"mainEntityOfPage\" itemtype=\"https:\/\/schema.org\/mainEntityOfPage\" ><span itemprop='name'>BIOMIMETI\u010cKA NJEGA KO\u017dE<\/span><\/span><\/span><\/article><\/div><\/div><\/div><\/div>\n","protected":false},"excerpt":{"rendered":"","protected":false},"author":2,"featured_media":0,"parent":0,"menu_order":0,"comment_status":"closed","ping_status":"closed","template":"","meta":{"footnotes":""},"class_list":["post-2596","page","type-page","status-publish","hentry"],"_links":{"self":[{"href":"https:\/\/juvyskin.com\/hr\/wp-json\/wp\/v2\/pages\/2596","targetHints":{"allow":["GET"]}}],"collection":[{"href":"https:\/\/juvyskin.com\/hr\/wp-json\/wp\/v2\/pages"}],"about":[{"href":"https:\/\/juvyskin.com\/hr\/wp-json\/wp\/v2\/types\/page"}],"author":[{"embeddable":true,"href":"https:\/\/juvyskin.com\/hr\/wp-json\/wp\/v2\/users\/2"}],"replies":[{"embeddable":true,"href":"https:\/\/juvyskin.com\/hr\/wp-json\/wp\/v2\/comments?post=2596"}],"version-history":[{"count":0,"href":"https:\/\/juvyskin.com\/hr\/wp-json\/wp\/v2\/pages\/2596\/revisions"}],"wp:attachment":[{"href":"https:\/\/juvyskin.com\/hr\/wp-json\/wp\/v2\/media?parent=2596"}],"curies":[{"name":"wp","href":"https:\/\/api.w.org\/{rel}","templated":true}]}}