{"id":2614,"date":"2023-03-31T07:51:18","date_gmt":"2023-03-31T07:51:18","guid":{"rendered":"https:\/\/juvyskin.com\/gdpr-privacy-statement\/"},"modified":"2023-04-07T17:15:22","modified_gmt":"2023-04-07T17:15:22","slug":"gdpr-izjava-o-privatnosti","status":"publish","type":"page","link":"https:\/\/juvyskin.com\/hr\/gdpr-izjava-o-privatnosti\/","title":{"rendered":"GDPR Izjava o privatnosti"},"content":{"rendered":"\n<style type=\"text\/css\" data-created_by=\"avia_inline_auto\" id=\"style-css-av-lfw8wzrq-e37a17122a8659fd07ccfa3418f0ed6a\">\n.flex_column.av-lfw8wzrq-e37a17122a8659fd07ccfa3418f0ed6a{\npadding:0 10% 0 10%;\n}\n<\/style>\n<div class='flex_column av-lfw8wzrq-e37a17122a8659fd07ccfa3418f0ed6a av_one_full  avia-builder-el-0  avia-builder-el-no-sibling  first flex_column_div '     ><section  class='av_textblock_section av-lfw8wsdw-ca33355ed5f2c4d036c9e781da1da0e5'  itemscope=\"itemscope\" itemtype=\"https:\/\/schema.org\/CreativeWork\" ><div class='avia_textblock'  itemprop=\"text\" ><h3><b>GDPR Izjava o privatnosti<\/b><\/h3>\n<p><b>Izjava o privatnosti<\/b><\/p>\n<p><span style=\"font-weight: 400;\">Ova izjava je nastala u svrhu informiranja korisnika web stranice o na\u010dinima prikupljanja i obrade osobnih podataka na www.juvyskin.com te upoznavanja korisnika s na\u010dinom na koji brinemo o njihovoj privatnosti.<\/span><\/p>\n<p><span style=\"font-weight: 400;\">Pa\u017eljivo pro\u010ditajte ovu Izjavu kako biste saznali kako prikupljamo, obra\u0111ujemo, \u0161titimo ili na drugi na\u010din koristimo va\u0161e osobne podatke.<\/span><\/p>\n<p><b>\u00a0Prikupljanje podataka<\/b><\/p>\n<p><span style=\"font-weight: 400;\">Osobni podatak je svaka informacija koja se odnosi na pojedinca \u010diji je identitet poznat ili se mo\u017ee identificirati. Pojedinac \u010diji se identitet mo\u017ee identificirati je osoba koja se mo\u017ee identificirati izravno ili neizravno, posebno uz pomo\u0107 identifikatora kao \u0161to su ime, identifikacijski broj, informacije o lokaciji, identifikator mre\u017ee ili uz pomo\u0107 jednog ili vi\u0161e \u010dimbenika koji su fizi\u010dki , fiziolo\u0161ki, genetski, ekonomski, kulturni ili dru\u0161tveni identitet tog pojedinca.<\/span><\/p>\n<p><span style=\"font-weight: 400;\">Va\u0161e osobne podatke prikupljamo samo na temelju privole. Podatke o vama prikupljamo kada ispunite obrazac za registraciju ili kada se prijavite na newsletter.<\/span><\/p>\n<p><span style=\"font-weight: 400;\">Trebate imati na umu da se osobni podaci i podaci mogu automatski prikupljati putem na\u0161ih internetskih poslu\u017eitelja ili kori\u0161tenjem &#8220;kola\u010di\u0107a&#8221;.<\/span><\/p>\n<p><span style=\"font-weight: 400;\">Primjeri informacija o kori\u0161tenju va\u0161e stranice uklju\u010duju: najposje\u0107enije i najgledanije podstranice i poveznice na na\u0161oj web stranici, broj ispunjenih obrazaca, vrijeme provedeno na stranici, najpopularnije klju\u010dne rije\u010di koje vode korisnike na na\u0161u stranicu, va\u0161u IP adresu, informacije prikupljenih putem kola\u010di\u0107a, va\u0161eg ure\u0111aja kao \u0161to su hardverske postavke, aktivnost sustava, vrsta preglednika itd.<\/span><\/p>\n<p><b>Obrada podataka<\/b><\/p>\n<p><span style=\"font-weight: 400;\">Informacije koje primamo o vama koriste se u jednu ili vi\u0161e od sljede\u0107ih svrha:<\/span><\/p>\n<p><span style=\"font-weight: 400;\">&#8211; Za personalizaciju Va\u0161eg korisni\u010dkog iskustva (prikupljeni podaci nam poma\u017eu da bolje odgovorimo na Va\u0161e individualne potrebe);<\/span><\/p>\n<p><span style=\"font-weight: 400;\">&#8211; Za pobolj\u0161anje na\u0161e web stranice (stalno nastojimo pobolj\u0161ati ponudu na\u0161e stranice na temelju povratnih informacija koje dobivamo od na\u0161ih posjetitelja);<\/span><\/p>\n<p><span style=\"font-weight: 400;\">&#8211; Uspostavljanje na\u0161ih primarnih kanala komunikacije<\/span><\/p>\n<p><span style=\"font-weight: 400;\">&#8211; Za povremene informacije putem e-po\u0161te (u vezi s povremenim primanjem vijesti (ako \u017eelite), a\u017euriranja, informacija o sli\u010dnim proizvodima ili uslugama itd.)<\/span><\/p>\n<p><span style=\"font-weight: 400;\">&#8211; Suradnjom sa tre\u0107im stranama (npr. kurirska slu\u017eba za dostavu)<\/span><\/p>\n<p><span style=\"font-weight: 400;\">&#8211; Ne nudimo usluge ili proizvode tre\u0107ih strana na na\u0161oj web stranici.<\/span><\/p>\n<p><b>Za\u0161tita va\u0161ih podataka<\/b><\/p>\n<p><span style=\"font-weight: 400;\">Kako bismo za\u0161titili osobne podatke koje \u0161aljete putem ove web stranice, koristimo fizi\u010dke, tehni\u010dke i organizacijske sigurnosne mjere. Neprestano nadogra\u0111ujemo i testiramo na\u0161u sigurnosnu tehnologiju. Ograni\u010davamo pristup va\u0161im osobnim podacima samo zaposlenicima koji trebaju znati te podatke kako bi vam pru\u017eili na\u0161e usluge ili neke pogodnosti. Osim toga, svoje zaposlenike educiramo o va\u017enosti povjerljivosti podataka te o za\u0161titi privatnosti i za\u0161titi Va\u0161ih podataka.<\/span><\/p>\n<p><b>Pohrana i rok pohrane podataka<\/b><\/p>\n<p><span style=\"font-weight: 400;\">Svi podaci pohranjeni su u bazama podataka i repozitoriju OVH poslu\u017eitelja u Strasbourgu, Francuska. Ne\u0107emo prenositi niti pohranjivati pohranjene podatke u zemlje izvan Europske unije.<\/span><\/p>\n<p><span style=\"font-weight: 400;\">Va\u0161i osobni podaci \u010duvaju se i \u0161tite za vrijeme trajanja va\u0161eg poslovnog odnosa s nama. Osobni podaci koje nam date u poslovne ili kontaktne svrhe redovito se bri\u0161u 12 mjeseci nakon datuma kada ste dali te podatke.<\/span><\/p>\n<p><b>Prava pojedinaca<\/b><\/p>\n<p><span style=\"font-weight: 400;\">Ako \u017eelite znati posjedujemo li i obra\u0111ujemo va\u0161e osobne podatke ili ako \u017eelite pristupiti osobnim podacima koje imamo o vama, kontaktirajte nas na <\/span><b>hello@juvyskin.com<\/b><\/p>\n<p><span style=\"font-weight: 400;\">Tako\u0111er mo\u017eete zatra\u017eiti informacije o: svrsi obrade podataka, kategorijama osobnih podataka koji se obra\u0111uju; koji je izvor osobnih podataka (ako nam to niste izravno dostavili); i koliko dugo \u0107emo \u010duvati podatke. Imate pravo ispraviti osobne podatke koje posjedujemo ako su neto\u010dni. Tako\u0111er mo\u017eete, uz odre\u0111ene iznimke, zatra\u017eiti da obri\u0161emo va\u0161e podatke ili prekinemo va\u0161u obradu. Mo\u017eete zatra\u017eiti da prestanemo koristiti va\u0161e osobne podatke u svrhe izravnog marketinga. U mnogim zemljama imate pravo podnijeti \u017ealbu tijelu za za\u0161titu podataka ako niste zadovoljni na\u010dinom na koji postupamo s va\u0161im osobnim podacima. Ako je to tehni\u010dki izvedivo, na temelju Va\u0161eg zahtjeva dostavit \u0107emo Va\u0161e osobne podatke ili ih izravno prenijeti drugom voditelju obrade.<\/span><\/p>\n<p><span style=\"font-weight: 400;\">Ako podnesete zahtjev da nam po\u0161aljete svoje osobne podatke na <\/span><b>hello@juvyskin.com<\/b><span style=\"font-weight: 400;\">, besplatno \u0107emo odgovoriti na ovaj zahtjev. Ako ne mo\u017eemo udovoljiti va\u0161em zahtjevu u razumnom roku, obavijestit \u0107emo vas o datumu kada \u0107emo udovoljiti zahtjevu. Ako iz nekog razloga mo\u017eemo udovoljiti va\u0161em zahtjevu, poslat \u0107emo vam obja\u0161njenje za\u0161to nismo udovoljili va\u0161em zahtjevu.<\/span><\/p>\n<p><b>Obavijest o povredi osobnih podataka<\/b><\/p>\n<p><span style=\"font-weight: 400;\">U slu\u010daju povrede osobnih podataka, obavijestit \u0107emo vas i nadle\u017eno nadzorno tijelo e-po\u0161tom u roku od 72 sata o opsegu povrede, obuhva\u0107enim podacima, mogu\u0107em utjecaju na na\u0161e usluge i planiranim mjerama za\u0161tite podataka i ograni\u010denju bilo kakvo \u0161tetno djelovanje na pojedince.<\/span><\/p>\n<p><span style=\"font-weight: 400;\">Ne\u0107emo vam poslati obavijest o povredi u slu\u010daju:<\/span><\/p>\n<p><span style=\"font-weight: 400;\">da postoje tehni\u010dke i organizacijske mjere za\u0161tite (kao \u0161to je enkripcija) koje se primjenjuju na osobne podatke zahva\u0107ene povredom osobnih podataka, koje ove informacije \u010dine nerazumljivima bilo kojoj osobi koja im nije ovla\u0161tena pristupiti;<\/span><\/p>\n<p><span style=\"font-weight: 400;\">ako smo poduzeli daljnje mjere kako bismo osigurali da vi\u0161e nije vjerojatno da \u0107e biti izlo\u017een visokom riziku za prava i slobode pojedinaca;<\/span><\/p>\n<p><span style=\"font-weight: 400;\">ako bi to bio nerazmjeran napor (u ovom slu\u010daju, obavijestit \u0107emo vas putem sredstava javnog objavljivanja ili sli\u010dnih jednako u\u010dinkovitih mjera).<\/span><\/p>\n<p><span style=\"font-weight: 400;\">Povreda osobnih podataka zna\u010di kr\u0161enje sigurnosti koje dovodi do nenamjernog ili nezakonitog uni\u0161tenja, gubitka, izmjene, neovla\u0161tenog otkrivanja ili pristupa osobnim podacima koji se prenose, pohranjuju i obra\u0111uju u vezi s pru\u017eanjem na\u0161ih usluga.<\/span><\/p>\n<p><b>Va\u0161a privola<\/b><\/p>\n<p><span style=\"font-weight: 400;\">Kori\u0161tenjem ove web stranice dajete pristup ovoj politici privatnosti.<\/span><\/p>\n<p><b>Promjene u na\u0161im Pravilima privatnosti<\/b><\/p>\n<p><span style=\"font-weight: 400;\">U slu\u010daju promjene na\u0161ih pravila o privatnosti obavijestit \u0107emo vas o tome na ovoj stranici i a\u017eurirati datum promjene pravila o privatnosti u nastavku kako slijedi.<\/span><\/p>\n<p><b>Pravo na \u017ealbu nadle\u017enom tijelu<\/b><\/p>\n<p><span style=\"font-weight: 400;\">U bilo kojem trenutku mo\u017eete poslati pritu\u017ebu nadzornom tijelu u vezi s na\u0161im prikupljanjem i obradom va\u0161ih osobnih podataka. Pritu\u017ebu prema Republici Hrvatskoj mo\u017eete podnijeti Agenciji za za\u0161titu osobnih podataka (AZOP)<\/span><\/p>\n<p style=\"text-align: justify;\">\n<\/div><\/section><\/div>\n","protected":false},"excerpt":{"rendered":"","protected":false},"author":2,"featured_media":0,"parent":0,"menu_order":0,"comment_status":"closed","ping_status":"closed","template":"","meta":{"footnotes":""},"class_list":["post-2614","page","type-page","status-publish","hentry"],"_links":{"self":[{"href":"https:\/\/juvyskin.com\/hr\/wp-json\/wp\/v2\/pages\/2614","targetHints":{"allow":["GET"]}}],"collection":[{"href":"https:\/\/juvyskin.com\/hr\/wp-json\/wp\/v2\/pages"}],"about":[{"href":"https:\/\/juvyskin.com\/hr\/wp-json\/wp\/v2\/types\/page"}],"author":[{"embeddable":true,"href":"https:\/\/juvyskin.com\/hr\/wp-json\/wp\/v2\/users\/2"}],"replies":[{"embeddable":true,"href":"https:\/\/juvyskin.com\/hr\/wp-json\/wp\/v2\/comments?post=2614"}],"version-history":[{"count":0,"href":"https:\/\/juvyskin.com\/hr\/wp-json\/wp\/v2\/pages\/2614\/revisions"}],"wp:attachment":[{"href":"https:\/\/juvyskin.com\/hr\/wp-json\/wp\/v2\/media?parent=2614"}],"curies":[{"name":"wp","href":"https:\/\/api.w.org\/{rel}","templated":true}]}}