{"id":2622,"date":"2023-03-31T07:52:33","date_gmt":"2023-03-31T07:52:33","guid":{"rendered":"https:\/\/juvyskin.com\/general-terms-and-conditions\/"},"modified":"2023-06-19T09:57:49","modified_gmt":"2023-06-19T09:57:49","slug":"opci-uvjeti-poslovanja","status":"publish","type":"page","link":"https:\/\/juvyskin.com\/hr\/opci-uvjeti-poslovanja\/","title":{"rendered":"Op\u0107i uvjeti poslovanja"},"content":{"rendered":"<div id='av_section_1'  class='avia-section av-av_section-f716ba51e7bf82947c918c6ed882cb73 main_color avia-section-default avia-no-border-styling  avia-builder-el-0  avia-builder-el-no-sibling  avia-bg-style-scroll container_wrap fullsize'  ><div class='container av-section-cont-open' ><main  role=\"main\" itemprop=\"mainContentOfPage\"  class='template-page content  av-content-full alpha units'><div class='post-entry post-entry-type-page post-entry-2622'><div class='entry-content-wrapper clearfix'>\n<div class='flex_column av-av_one_full-7714eba142aeda1f8b5272a3c372b279 av_one_full  avia-builder-el-1  avia-builder-el-no-sibling  first flex_column_div '     ><section  class='av_textblock_section av-lj2n0poa-340dffc3d5b88050e81c809b05c69e12'  itemscope=\"itemscope\" itemtype=\"https:\/\/schema.org\/CreativeWork\" ><div class='avia_textblock'  itemprop=\"text\" ><h3>OP\u0106I UVJETI POSLOVANJA<\/h3>\n<p>Dobro do\u0161li na web stranice www.juvyskin.com i webshop koje mo\u017eete koristiti za svoju privatnu upotrebu bez ikakve naknade za kori\u0161tenje i sukladno dolje navedenim Op\u0107im uvjetima kori\u0161tenja. Molimo da ih temeljito i pa\u017eljivo pro\u010ditate.<\/p>\n<p>Kori\u0161tenjem web stranice www.juvyskin.com za kupnju ili prikupljanje informacija o proizvodima Juvy Skin, potvr\u0111ujete da ste upoznati i da se sla\u017eete s ovim Op\u0107im uvjetima kori\u0161tenja. Ako se ne sla\u017eete s Uvjetima kupnje, nemojte koristiti www.juvyskin.com u svrhu kupnje ili dobivanja informacija.<\/p>\n<p>Pristupom www.juvyskin.com i kori\u0161tenjem Stranice, svaki Korisnik prihva\u0107a ove Op\u0107e uvjete i pristaje na primjenu odredbi ovih Op\u0107ih uvjeta.<\/p>\n<p>Svako kori\u0161tenje web stranice www.juvyskin.com i ostalih web stranica u vlasni\u0161tvu Juvymed j.d.o.o mora biti u skladu s ni\u017ee navedenim uvjetima kori\u0161tenja. Zabranjeno je kopiranje dokumenata, informacija i sadr\u017eaja s web stranice www.juvyskin.com, osim za osobnu uporabu i druge nekomercijalne svrhe, zbog obveznog po\u0161tivanja autorskih prava i drugih prava intelektualnog vlasni\u0161tva (kao i svih drugih zakonskih ograni\u010denja). ). Svako kopiranje, reprodukcija ili distribucija dokumenata, informacija i sadr\u017eaja s ovih web stranica dopu\u0161tena je samo uz izri\u010ditu suglasnost tvrtke Juvymed j.d.o.o.<br \/>\nPOLITIKA PRIVATNOSTI I OP\u0106I UVJETI dru\u0161tva Juvymed j.d.o.o. iz Ivani\u0107 Grada, Savska ulica 102c.<\/p>\n<p>Ne morate se registrirati za kupnju na webshopu www.juvyskin.com.<\/p>\n<p><strong>NARUD\u017dBE<\/strong><br \/>\nNaru\u010divanje robe putem online trgovine mogu\u0107e je 24 sata dnevno, 7 dana u tjednu. Narud\u017ebe se obra\u0111uju radnim danom od 10 do 16 sati. Kupac mora ispuniti polje &#8220;Osnovni podaci&#8221; za pla\u0107anje i dostavu te \u0107e primiti potvrdu narud\u017ebe putem e-maila.<br \/>\nZa narud\u017ebu odaberite opciju \u201cDodaj u ko\u0161aricu\u201d pored proizvoda koji \u017eelite kupiti. Kada u\u0111ete u ko\u0161aricu, mo\u017eete promijeniti koli\u010dine ili izbrisati odabrane proizvode. Nakon \u0161to ste odabrali proizvode koje \u017eelite kupiti kliknite na svoju ko\u0161aricu i odaberite \u201cBlagajna\u201d. Na stranici za naplatu ispunite svoje podatke, odaberite na\u010din dostave, zatim odaberite na\u010din pla\u0107anja i odaberite \u201cZavr\u0161i narud\u017ebu\u201d. Potvrdu narud\u017ebe \u0107ete dobiti putem e-po\u0161te.<br \/>\nJuvymed j.d.o.o se obvezuje isporu\u010diti sve naru\u010dene proizvode koji se u trenutku isporuke nalaze na skladi\u0161tu. Ukoliko Juvymed j.d.o.o nije u mogu\u0107nosti isporu\u010diti neki od naru\u010denih proizvoda kontaktirat \u0107e kupca telefonski ili putem e-maila.<br \/>\nKupac je odgovoran za to\u010dnost, istinitost i potpunost podataka unesenih prilikom registracije i narud\u017ebe.<\/p>\n<p><strong>PRODAJA S POPUSTOM I KODOVI<\/strong><br \/>\nProizvodi koji \u0107e povremeno biti dostupni na popustu, po volji Prodavatelja, bit \u0107e dostupni pod istim uvjetima svim Kupcima ili \u0107e biti dostupni pojedinim Kupcima iz to\u010dno odre\u0111ene skupine.<br \/>\nNakon isteka roka akcijske prodaje Juvymed j.d.o.o ne\u0107e primati nove narud\u017ebe prema uvjetima istekle akcijske akcije.<\/p>\n<p><strong>CIJENA PROIZVODA<\/strong><br \/>\nCijene proizvoda ne uklju\u010duju tro\u0161kove dostave i pla\u0107aju se posebno. PDV je uklju\u010den u cijenu proizvoda.<br \/>\nU slu\u010daju internet bankarstva i op\u0107e uplatnice transakcijske naknade i naknade banaka nisu uklju\u010dene u cijenu.<\/p>\n<p><strong>PLA\u0106ANJE I DOSTAVA<\/strong><br \/>\nNarud\u017ebu mo\u017eete platiti jednim od sljede\u0107ih na\u010dina pla\u0107anja:<br \/>\n\u2022 Fakturiranje \u2013 internet bankarstvo ili op\u0107a uplatnica<br \/>\n\u2022 Pla\u0107anje kreditnim karticama (Diners\u00ae, Mastercard\u00ae, Visa i Maestro\u00ae)<br \/>\nKupac je du\u017ean Prodavatelju platiti naru\u010dene proizvode uklju\u010duju\u0107i tro\u0161kove dostave.<\/p>\n<p><strong>PLA\u0106ANJE OP\u0106OM UPLATNICOM<\/strong><br \/>\nFaktura \u2013 Internet bankarstvo, odnosno op\u0107a uplatnica, predstavlja pla\u0107anje unaprijed prijenosom sredstava na na\u0161 \u017eiro ra\u010dun.<br \/>\nU ko\u0161arici mo\u017eete odabrati pla\u0107anje putem ra\u010duna nakon \u010dega \u0107ete putem e-maila dobiti potvrdu narud\u017ebe i podatke potrebne za pla\u0107anje. Ukoliko pla\u0107ate iz strane banke, sve tro\u0161kove bankovne transakcije snosi isklju\u010divo platitelj.<br \/>\nVa\u0161a narud\u017eba zadr\u017eava naru\u010dene proizvode.<br \/>\nZa jednostavno povezivanje narud\u017ebe s pla\u0107anjem, u poziv na broj upi\u0161ite broj narud\u017ebe koji je stigao u e-mailu s potvrdom narud\u017ebe. U polje model mo\u017eete unijeti 01 \u2013 pla\u0107anje ra\u010duna ili ostaviti prazno.<br \/>\nProizvodi se isporu\u010duju Kupcu nakon \u0161to je iznos za naru\u010dene proizvode u cijelosti upla\u0107en i vidljiv na na\u0161em bankovnom ra\u010dunu.<br \/>\nRobu ne isporu\u010dujemo na temelju potvrde o uplati.<\/p>\n<p><strong>DOSTAVA I TRO\u0160KOVI ISPORUKE PROIZVODA<\/strong><br \/>\nProizvode dostavljamo na adresu, putem kurirske slu\u017ebe. Tro\u0161kovi dostave obra\u010dunat \u0107e se prilikom odjave. Dostava je besplatna za kupnju iznad 70 EUR. Naru\u010deni proizvodi se \u0161alju sljede\u0107i radni dan od dana uplate, a najkasnije 3-5 radnim danom od dana uplate. Iznimno, zbog nedostupnosti pojedinog proizvoda, razdoblja akcija\/sni\u017eenja, praznika ili nepredvi\u0111enih okolnosti, mogu\u0107e je da isporuka traje ne\u0161to du\u017ee od navedenog roka.<br \/>\nAko \u017eelite isporuku na odre\u0111eni datum, molimo da nam navedete pojedinosti u komentarima prilikom narud\u017ebe.<br \/>\nU slu\u010daju nemogu\u0107nosti uredne dostave na adresu Kupca, Kupac snosi tro\u0161kove ponovne dostave na istu ili drugu adresu ovisno o tome koje podatke \u0107e Kupac dati Prodavatelju prilikom provjere dostave. Redoslijed.<\/p>\n<p><strong>INTELEKTUALNO VLASNI\u0160TVO<\/strong><br \/>\nSadr\u017eaj web shopa www.juvyskin.com za\u0161ti\u0107en je autorskim pravom, a Juvymed j.d.o.o. je jedini nositelj prava na njihovo kori\u0161tenje. Za svu komercijalnu upotrebu sadr\u017eaja koji se nalazi na web stranici www.juvyskin.com prvo morate kontaktirati hello@juvyskin.com.<br \/>\nPodaci u smislu \u010dlanka 60. Zakona o za\u0161titi potro\u0161a\u010da:<br \/>\nPodaci o glavnim karakteristikama robe koju kupac namjerava kupiti nalaze se uz svaki proizvod, dok se pod opcijom Op\u0161irnije nalazi detaljan opis proizvoda.<br \/>\nProdavatelj je tvrtka Juvymed j.d.o.o iz Ivani\u0107 Grada, Savska ulica 102c, OIB: 73851685959, hello@juvyskin.com.<br \/>\nInformacije o na\u010dinu rje\u0161avanja prigovora kupaca od strane prodavatelja nalaze se na stranici \u201cPovrati i reklamacije\u201d.<br \/>\nStranica \u201cPovrati i reklamacije\u201d uklju\u010duje sljede\u0107e informacije i dodatna obja\u0161njenja koja se odnose na:<br \/>\n\u2022 uvjete, rokove i postupak za kori\u0161tenje prava na jednostrani raskid ugovora te obrazac Obavijesti o jednostranom raskidu ugovora sukladno \u010dlanku 81. stavku 1. Zakona o za\u0161titi potro\u0161a\u010da.<br \/>\n\u2022 obvezu kupca da snosi tro\u0161kove povrata robe u slu\u010daju da odlu\u010di iskoristiti svoje pravo na jednostrani raskid ugovora iz \u010dlanka 79. Zakona o za\u0161titi potro\u0161a\u010da te podatke o tro\u0161kovima povrata robe u u slu\u010daju ugovora na daljinu kod kojih zbog prirode robe nije mogu\u0107e vratiti je redovnom po\u0161tanskom uslugom.<br \/>\n\u2022 \u010dinjenica da u slu\u010daju da kupac odlu\u010di iskoristiti svoje pravo na jednostrani raskid ugovora iz \u010dlanka 79. Zakona o za\u0161titi potro\u0161a\u010da nakon podnesene obavijesti o namjeri sukladno \u010dlanku 68. ili \u010dlanku 77. Zakona o za\u0161titi potro\u0161a\u010da, Zakonom kupac ima obvezu platiti prodavatelju primjereni udio u cijeni sukladno \u010dlanku 84. stavak 8. Zakona o za\u0161titi potro\u0161a\u010da.<br \/>\n\u2022 \u010dinjenicu da kupac ne mo\u017ee koristiti pravo na jednostrani raskid ugovora iz \u010dlanka 79. Zakona o za\u0161titi potro\u0161a\u010da u slu\u010dajevima u kojima je to pravo isklju\u010deno temeljem \u010dlanka 86. Zakona o za\u0161titi potro\u0161a\u010da, te informacije o uvjetima iz \u010dlanka 79. Zakona o za\u0161titi potro\u0161a\u010da. \u010dime kupac gubi pravo na jednostrani raskid ugovora.<\/p>\n<p>Prodavatelj odgovara za materijalne nedostatke robe sukladno va\u017ee\u0107im pozitivnim propisima.<br \/>\nMehanizmi izvansudskog rje\u0161avanja sporova su sljede\u0107i: U slu\u010daju spora izme\u0111u prodavatelja i kupca mo\u017ee se podnijeti tu\u017eba Sudu \u010dasti Hrvatske gospodarske komore ili prijedlog za mirenje pred centrima za mirenje. Postupak pred sudovima \u010dasti vodi se sukladno Pravilniku o Sudu \u010dasti Hrvatske gospodarske komore i Pravilniku o Sudu \u010dasti Hrvatske obrtni\u010dke komore koji propisuju da \u010dlanovi sudskih vije\u0107a su ne samo neovisni pravni stru\u010dnjaci i trgova\u010dki zastupnici ve\u0107 i zastupnici potro\u0161a\u010da. Postupak mirenja pred centrima za mirenje provodi se sukladno odredbama Zakona o mirenju i sukladno Pravilniku o mirenju pred centrima za mirenje.<\/p>\n<\/div><\/section><\/div>\n","protected":false},"excerpt":{"rendered":"","protected":false},"author":2,"featured_media":0,"parent":0,"menu_order":1,"comment_status":"closed","ping_status":"closed","template":"","meta":{"footnotes":""},"class_list":["post-2622","page","type-page","status-publish","hentry"],"_links":{"self":[{"href":"https:\/\/juvyskin.com\/hr\/wp-json\/wp\/v2\/pages\/2622","targetHints":{"allow":["GET"]}}],"collection":[{"href":"https:\/\/juvyskin.com\/hr\/wp-json\/wp\/v2\/pages"}],"about":[{"href":"https:\/\/juvyskin.com\/hr\/wp-json\/wp\/v2\/types\/page"}],"author":[{"embeddable":true,"href":"https:\/\/juvyskin.com\/hr\/wp-json\/wp\/v2\/users\/2"}],"replies":[{"embeddable":true,"href":"https:\/\/juvyskin.com\/hr\/wp-json\/wp\/v2\/comments?post=2622"}],"version-history":[{"count":0,"href":"https:\/\/juvyskin.com\/hr\/wp-json\/wp\/v2\/pages\/2622\/revisions"}],"wp:attachment":[{"href":"https:\/\/juvyskin.com\/hr\/wp-json\/wp\/v2\/media?parent=2622"}],"curies":[{"name":"wp","href":"https:\/\/api.w.org\/{rel}","templated":true}]}}