{"id":2631,"date":"2022-12-28T16:55:55","date_gmt":"2022-12-28T16:55:55","guid":{"rendered":"https:\/\/juvyskin.com\/politika-privatnosti\/"},"modified":"2023-04-07T17:15:09","modified_gmt":"2023-04-07T17:15:09","slug":"politika-privatnosti","status":"publish","type":"page","link":"https:\/\/juvyskin.com\/hr\/politika-privatnosti\/","title":{"rendered":"Politika privatnosti"},"content":{"rendered":"<section  class='av_textblock_section av-lg6seaoq-6f52b7f89d79e94dd65c26462da2951f'  itemscope=\"itemscope\" itemtype=\"https:\/\/schema.org\/CreativeWork\" ><div class='avia_textblock'  itemprop=\"text\" ><h3>Politika privatnosti<\/h3>\n<p>IZJAVA O ZA\u0160TITI I PRIKUPLJANJU OSOBNIH PODATAKA<\/p>\n<p>Za\u0161tita privatnosti<\/p>\n<p>Juvymed posebnu pozornost posve\u0107uje obradi osobnih podataka u skladu s glavnim na\u010delima Op\u0107e uredbe o za\u0161titi podataka, a prije svega osiguravanju zakonite, po\u0161tene i transparentne obrade osobnih podataka koja je primjerena, relevantna i ograni\u010dena na ono \u0161to je potrebno za svrhe za koje se obra\u0111uju.<\/p>\n<p>Svaka osoba koja je dala privolu za prikupljanje i obradu podataka mo\u017ee bez obrazlo\u017eenja povu\u0107i svoju privolu. U tom slu\u010daju prestaje svako daljnje prikupljanje podataka, prestanak \u010dlanstva na stranici, kao i sve eventualne obveze nastale tijekom trajanja \u010dlanstva.<\/p>\n<p>Juvymed se obvezuje \u010duvati privatnost osobnih podataka svih registriranih Korisnika www.juvyskin.com te \u0107e s njima postupati u skladu sa Zakonom o za\u0161titi osobnih podataka ili drugim va\u017ee\u0107im propisima.<\/p>\n<p>Prije pristupa odre\u0111enim sadr\u017eajima za Korisnika je obavezna registracija koja uklju\u010duje dobrovoljni unos Va\u0161ih osobnih podataka od strane Korisnika. U slu\u010daju davanja privole na objavu osobnih podataka, smatra se da je Korisnik pristao na uvjete kori\u0161tenja osobnih podataka iz ovih Op\u0107ih uvjeta prema kojima Prodavatelj ima pravo prikupljati, koristiti, obra\u0111ivati i prenositi osobne podatke potrebne za kori\u0161tenje Internet stranice sukladno odredbama Zakona o za\u0161titi osobnih podataka.<\/p>\n<p>Prodavatelj \u0107e prikupljati korisni\u010dke podatke za:<\/p>\n<p>Potrebe boljeg razumijevanja individualnih potreba i zahtjeve korisnika kao i razvoja najbolje mogu\u0107e kvalitete svih usluga Prodavatelja koje rezultiraju pove\u0107anjem zadovoljstva kupaca;<\/p>\n<p>Kontakt Korisnika pisanim putem, telefonom, putem newslettera, SMS-om i\/ili elektroni\u010dkom po\u0161tom te dostavljanje materijala na ku\u0107nu adresu, radi informiranja o pogodnostima i novostima u svojoj ponudi;<\/p>\n<p>Davanje podataka tre\u0107im stranama (kao \u0161to je dostava) potrebnih za izvr\u0161enje gore navedenih svrha<\/p>\n<p>Prodavatelj \u0107e \u010duvati osobne podatke onoliko koliko je potrebno za svrhe predvi\u0111ene ovim Op\u0107im uvjetima. Nakon isteka tog vremena osobni podaci \u0107e biti uni\u0161teni, izbrisani ili anonimizirani na na\u010din koji osigurava o\u010duvanje osobnih podataka.<\/p>\n<p>Prodavatelj ne\u0107e otkrivati osobne podatke Korisnika tre\u0107im osobama, osim u svrhu izvr\u0161enja usluge, za\u0161tite interesa Korisnika i Prodavatelja te sprje\u010davanja mogu\u0107ih zlouporaba.<\/p>\n<p>Prodavatelj \u0107e osigurati \u010duvanje osobnih podataka Korisnika na sigurnom mjestu (uklju\u010duju\u0107i razumnu administrativnu, tehni\u010dku i fizi\u010dku za\u0161titu za sprje\u010davanje neovla\u0161tene uporabe, pristupa, otkrivanja, kopiranja ili izmjene osobnih podataka), dostupnom samo ovla\u0161tenim osobama Prodavatelja.<\/p>\n<p>Prodavatelj je suglasan omogu\u0107iti Korisnicima pristup njihovim osobnim podacima kako bi osigurao da su osobni podaci to\u010dni, potpuni i a\u017eurni.<\/p>\n<p>Ukoliko Korisnici zatra\u017ee ispravak ili brisanje svojih osobnih podataka, Prodavatelj \u0107e te podatke promijeniti ili ukloniti. Odabirom brisanja osobnih podataka Korisnici su suglasni da \u0107e im biti onemogu\u0107en pristup odre\u0111enim sadr\u017eajima na web stranicama.<\/p>\n<p>Prilikom davanja osobnih podataka Korisnik jam\u010di da su isti potpuni, istiniti, to\u010dni i a\u017eurni.<\/p>\n<p>Za\u0161tita osobnih podataka i pristup tre\u0107im osobama<\/p>\n<p>Osobni podaci Korisnika bit \u0107e za\u0161ti\u0107eni sukladno Zakonu o za\u0161titi osobnih podataka te ih Prodavatelj ni na koji na\u010din ne\u0107e u\u010diniti dostupnima tre\u0107im osobama. Osobne podatke proslje\u0111ujemo isklju\u010divo poslovnim partnerima za isporuku va\u0161e narud\u017ebe ili u svrhu adresiranja reklamnih materijala. Kupac ima pravo zatra\u017eiti ispravak, izmjenu ili zamjenu neto\u010dnih, nepotpunih ili nea\u017eurnih podataka te se za sve informacije u vezi za\u0161tite osobnih podataka mo\u017ee obratiti na hello@juvyskin.com<\/p>\n<p>Prodavatelj ne bilje\u017ei niti pohranjuje transakcijske podatke Korisnika potrebne za pla\u0107anje karticom. Dobavlja\u010d kreditnih kartica koristi uslugu tre\u0107e strane (CorvusPay) koja \u0161ifrira va\u0161e podatke.<\/p>\n<p>WooCommerce<\/p>\n<p>Na\u0161a trgovina smje\u0161tena je na WooCommerceu. Oni nam pru\u017eaju internetsku platformu za e-trgovinu koja nam omogu\u0107uje prodaju na\u0161ih proizvoda i usluga.<\/p>\n<p>Va\u0161i se podaci pohranjuju pohranjivanjem podataka iz WooCommercea, baze podataka i op\u0107enite WooCommerce aplikacije. Va\u0161e podatke pohranjuju na sigurnom poslu\u017eitelju sa za\u0161titom.<\/p>\n<p>Corvus Pay<\/p>\n<p>Za pla\u0107anje u na\u0161oj web trgovini koristite CorvusPay &#8211; napredni sustav karti\u010dnog pla\u0107anja online.<\/p>\n<p>CorvusPay osigurava potpunu tajnost podataka o Va\u0161oj kreditnoj kartici od trenutka kada ih unesete u CorvusPay obrazac za pla\u0107anje. Pla\u0107anja se \u0161ifrirano prenose iz va\u0161eg web preglednika u banku koja je izdala va\u0161u karticu. Na\u0161a trgovina nikada ne dolazi u kontakt s potpunim podacima va\u0161e platne kartice. Tako\u0111er, podaci nisu dostupni ni zaposlenicima CorvusPay sustava. Izolirana jezgra neovisno upravlja i upravlja osjetljivim podacima, \u010duvaju\u0107i ih potpuno sigurnima.<\/p>\n<p>Pristupni obrazac za pla\u0107anje osiguran je najpouzdanijim SSL prijenosnim kodom. Svi pohranjeni podaci su dodatno kriptirani, kori\u0161tenjem kriptografskog ure\u0111aja certificiranog prema FIPS 140-2 Level 3 standardu. CorvusPay ispunjava sve zahtjeve za sigurnost online pla\u0107anja koje propisuju vode\u0107i karti\u010dni brendovi, odnosno posluje u skladu s PCI DSS Level 1 &#8211; najvi\u0161im standardom standarda karti\u010dne industrije. Prilikom pla\u0107anja karticama uklju\u010denim u 3-D Secure program, Va\u0161a banka uz valjanost kartice tako\u0111er provjerava Va\u0161 identitet tokenima ili lozinkama.<\/p>\n<p>Sve prikupljene podatke Corvus Info prikuplja kao bankovnu tajnu i s njima postupa u skladu s tim. Podaci se koriste isklju\u010divo u svrhe za koje su namijenjeni. Va\u0161i su osjetljivi podaci potpuno sigurni, a njihovu privatnost jam\u010de najsuvremeniji sigurnosni mehanizmi. Prikupljat \u0107e se samo podaci potrebni za obavljanje posla prema propisanim on-line procedurama pla\u0107anja.<\/p>\n<p>Sigurnosne kontrole i operativni postupci koji se primjenjuju na na\u0161u infrastrukturu osiguravaju trenutnu pouzdanost CorvusPay sustava. Osim odr\u017eavanja stroge kontrole pristupa, redovitog sigurnosnog pra\u0107enja i dubinskih provjera ranjivosti mre\u017ee, kao i pru\u017eanja pravovremene sigurnosti informacija, \u010duva i pobolj\u0161ava sigurnost va\u0161eg sustava \u0161tite\u0107i va\u0161u karticu.<\/p>\n<p>Davanje korisni\u010dkih podataka dostupnih tre\u0107im stranama<\/p>\n<p>Prodavatelj jam\u010di da e-mail adresu i ostale podatke Korisnika ne\u0107e davati tre\u0107im osobama od strane pravnih i fizi\u010dkih osoba bez njegovog pristanka. Osim navedenog, dostavna slu\u017eba, ovla\u0161tene slu\u017ebe izvr\u0161ne vlasti Republike Hrvatske, u svrhu provo\u0111enja istra\u017enih radnji temeljem pravomo\u0107nog naloga suda, u svrhu obavljanja usluge, za\u0161tite interesa korisnika i Prodavatelj i sprje\u010davanje mogu\u0107ih zlouporaba.<\/p>\n<p>Rje\u0161avanje problema<\/p>\n<p>Prodavatelj ne reagira na slu\u010dajnu pogre\u0161ku ili pogre\u0161ku zbog vi\u0161e sile ili drugih objektivnih okolnosti koje uzrokuju slu\u010dajnu povredu sigurnosne za\u0161tite Korisnika, ali jam\u010di da \u0107e pogre\u0161ka biti otklonjena, koliko god je to mogu\u0107e, u najkra\u0107em mogu\u0107em roku.<\/p>\n<p>Prijava gre\u0161ke<\/p>\n<p>Prodavatelj ne mo\u017ee jam\u010diti da \u0107e informacije na web stranici biti bez gre\u0161aka. Ako se pojavi pogre\u0161ka, prijavite se na hello@juvyskin.com e-po\u0161tu kako biste je rije\u0161ili \u0161to je prije mogu\u0107e.<\/p>\n<p>Kola\u010di\u0107i<\/p>\n<p>Web stranica www.juvyskin.com koristi kola\u010di\u0107e kako bi vam osigurala bolje i lak\u0161e korisni\u010dko iskustvo.<\/p>\n<p>Na\u0161a web stranica koristi kola\u010di\u0107e za pru\u017eanje boljeg korisni\u010dkog iskustva, funkcionalnosti i spremanje podataka o va\u0161im narud\u017ebama. Nastavkom pregledavanja www.juvyskin.com sla\u017eete se s kori\u0161tenjem kola\u010di\u0107a.<\/p>\n<p>\u0160to je kola\u010di\u0107?<\/p>\n<p>Informacije o kola\u010di\u0107ima spremaju se na va\u0161e osobno ra\u010dunalo u trenutku pregledavanja web stranice koju ste posjetili. Kola\u010di\u0107i olak\u0161avaju kori\u0161tenje budu\u0107i da spremaju postavke va\u0161e web stranice (jezik ili adresu) i ponovno ih pokre\u0107u kako bi ih ponovno aktivirali. Na taj na\u010din informacije su prilago\u0111ene Va\u0161im potrebama i uobi\u010dajenim na\u010dinima kori\u0161tenja.<\/p>\n<p>Od informacija o jednostavnim postavkama, kola\u010di\u0107i tako\u0111er mogu spremiti veliki broj osobnih podataka (ime, e-mail adresa) kojima morate imati potpun pristup. Ako ih niste omogu\u0107ili, kola\u010di\u0107i ne mogu pristupiti datotekama na va\u0161em ra\u010dunalu. Spremanje i slanje kola\u010di\u0107a vam nisu vidljivi, ali mo\u017eete odabrati odobravanje\/odbijanje kola\u010di\u0107a, brisanje spremljenih kola\u010di\u0107a i druge aktivnosti povezane s kola\u010di\u0107ima u postavkama va\u0161eg preglednika.<\/p>\n<p>Ako se ne sla\u017eete s kori\u0161tenjem ovih kola\u010di\u0107a, onemogu\u0107ite ih kroz pojedina\u010dne opcije, slijede\u0107i upute ovisno o va\u0161em pregledniku.<\/p>\n<p>POVJERLJIVOST INFORMACIJA<\/p>\n<p>Ova Izjava o privatnosti odnosi se na povjerljivost informacija koje se nalaze na www.juvyskin.com i koje se kori\u0161tenjem ove stranice prikupljaju i pohranjuju u baze podataka. Davatelj internetskih usluga www.juvyskin.com pridr\u017eava se zakonskih propisa radi za\u0161tite privatnosti korisnika.<\/p>\n<p>Svi podaci o kupcima se strogo \u010duvaju i dostupni su samo zaposlenicima koji su to du\u017eni \u010diniti. Svi zaposlenici i poslovni partneri odgovorni su za po\u0161tivanje na\u010dela privatnosti.<\/p>\n<p>Krajnji korisnici namjeravaju pa\u017eljivo pro\u010ditati ovu Izjavu o privatnosti. Pristupom ili kori\u0161tenjem na\u0161e web stranice Krajnji korisnik potvr\u0111uje da je pro\u010ditao, razumio i da se sla\u017ee sa svim uvjetima kori\u0161tenja www.juvyskin.com web stranice.<\/p>\n<p>Ako se Krajnji korisnik ne sla\u017ee s ovom Izjavom o povjerljivosti, poslat \u0107emo Krajnjeg korisnika da napusti web stranicu i ne\u0107e pristupiti ili koristiti web stranicu www.juvyskin.com<\/p>\n<p>Sve navedene obavijesti, odnosno one koje su u skladu sa Zakonom o za\u0161titi potro\u0161a\u010da nalaze se u ovim Op\u0107im uvjetima.<\/p>\n<p>PITANJA I KONTAKT PODACI<\/p>\n<p>Ako \u017eelite: pristupiti, ispraviti, izmijeniti ili izbrisati bilo koje osobne podatke koje imamo o vama, prijaviti pritu\u017ebu ili jednostavno zatra\u017eiti vi\u0161e informacija, obratite se na\u0161em slu\u017ebeniku za privatnost na hello@juvyskin.com<\/p>\n<\/div><\/section>\n","protected":false},"excerpt":{"rendered":"","protected":false},"author":2,"featured_media":0,"parent":0,"menu_order":0,"comment_status":"closed","ping_status":"open","template":"","meta":{"footnotes":""},"class_list":["post-2631","page","type-page","status-publish","hentry"],"_links":{"self":[{"href":"https:\/\/juvyskin.com\/hr\/wp-json\/wp\/v2\/pages\/2631","targetHints":{"allow":["GET"]}}],"collection":[{"href":"https:\/\/juvyskin.com\/hr\/wp-json\/wp\/v2\/pages"}],"about":[{"href":"https:\/\/juvyskin.com\/hr\/wp-json\/wp\/v2\/types\/page"}],"author":[{"embeddable":true,"href":"https:\/\/juvyskin.com\/hr\/wp-json\/wp\/v2\/users\/2"}],"replies":[{"embeddable":true,"href":"https:\/\/juvyskin.com\/hr\/wp-json\/wp\/v2\/comments?post=2631"}],"version-history":[{"count":0,"href":"https:\/\/juvyskin.com\/hr\/wp-json\/wp\/v2\/pages\/2631\/revisions"}],"wp:attachment":[{"href":"https:\/\/juvyskin.com\/hr\/wp-json\/wp\/v2\/media?parent=2631"}],"curies":[{"name":"wp","href":"https:\/\/api.w.org\/{rel}","templated":true}]}}