{"id":3627,"date":"2024-11-17T12:35:10","date_gmt":"2024-11-17T12:35:10","guid":{"rendered":"https:\/\/juvyskin.com\/product\/mnml-x-juvy-skin-limited-edition-beauty-box-2\/"},"modified":"2024-11-19T12:43:28","modified_gmt":"2024-11-19T12:43:28","slug":"mnml-x-juvy-skin-limited-edition-beauty-box","status":"publish","type":"product","link":"https:\/\/juvyskin.com\/hr\/proizvod\/mnml-x-juvy-skin-limited-edition-beauty-box\/","title":{"rendered":"MNML x Juvy Skin Limited Edition Beauty Box"},"content":{"rendered":"","protected":false},"excerpt":{"rendered":"<p>Ekskluzivna limited edition blagdanska kolekcija, stvorena u suradnji sa brandom <strong>MNML<\/strong>.<br \/>\nMNML x Juvy Skin limited edition beauty box objedinjuje dva pomno odabrana, klju\u010dna proizvoda:<br \/>\n<strong>MNML Brow Definer fiksator za obrve i Juvy Skin OVERACHIEVER eksfolijacijske jastucice sa dodatkom inovativnog peptida.<\/strong><\/p>\n<p>Nezamjenjiv duo u postizanju <strong>clean-girl<\/strong>, <strong>minimalisti\u010dkog izgleda<\/strong>;<br \/>\nza besprijekorno \u010distu i sjajnu ko\u017eu, te instant brow lift efekt i uredno za\u010de\u0161ljane obrve.<br \/>\nOba proizvoda oboga\u0107ena su njeguju\u0107im sastojcima, poput ceramida, peptida ili ulja ricinusa.<br \/>\nProizvodi ne iritiraju ko\u017eu i ne izazivaju crvenilo.<br \/>\n<\/br><br \/>\n<span style=\"font-size: 11px;\"><strong>The Best Of&#8230; skincare &amp; beauty.<\/strong><\/span><\/p>\n","protected":false},"featured_media":3698,"template":"","meta":[],"product_brand":[],"product_cat":[40],"product_tag":[],"class_list":{"0":"post-3627","1":"product","2":"type-product","3":"status-publish","4":"has-post-thumbnail","6":"product_cat-beauty-paket","8":"first","9":"outofstock","10":"shipping-taxable","11":"purchasable","12":"product-type-simple"},"_links":{"self":[{"href":"https:\/\/juvyskin.com\/hr\/wp-json\/wp\/v2\/product\/3627","targetHints":{"allow":["GET"]}}],"collection":[{"href":"https:\/\/juvyskin.com\/hr\/wp-json\/wp\/v2\/product"}],"about":[{"href":"https:\/\/juvyskin.com\/hr\/wp-json\/wp\/v2\/types\/product"}],"wp:featuredmedia":[{"embeddable":true,"href":"https:\/\/juvyskin.com\/hr\/wp-json\/wp\/v2\/media\/3698"}],"wp:attachment":[{"href":"https:\/\/juvyskin.com\/hr\/wp-json\/wp\/v2\/media?parent=3627"}],"wp:term":[{"taxonomy":"product_brand","embeddable":true,"href":"https:\/\/juvyskin.com\/hr\/wp-json\/wp\/v2\/product_brand?post=3627"},{"taxonomy":"product_cat","embeddable":true,"href":"https:\/\/juvyskin.com\/hr\/wp-json\/wp\/v2\/product_cat?post=3627"},{"taxonomy":"product_tag","embeddable":true,"href":"https:\/\/juvyskin.com\/hr\/wp-json\/wp\/v2\/product_tag?post=3627"}],"curies":[{"name":"wp","href":"https:\/\/api.w.org\/{rel}","templated":true}]}}