{"id":3913,"date":"2026-04-03T17:08:02","date_gmt":"2026-04-03T17:08:02","guid":{"rendered":"https:\/\/juvyskin.com\/?post_type=product&#038;p=3913"},"modified":"2026-04-25T09:25:26","modified_gmt":"2026-04-25T09:25:26","slug":"coco-cleanse","status":"publish","type":"product","link":"https:\/\/juvyskin.com\/hr\/proizvod\/coco-cleanse\/","title":{"rendered":"Coco Cleanse ultra rich daily cleanser"},"content":{"rendered":"","protected":false},"excerpt":{"rendered":"<p>Bogati gel cleanser koji se pretvara u kremastu pjenu i u\u010dinkovito uklanja \u0161minku, ne\u010disto\u0107e i SPF.<br \/>\nNje\u017eno \u010disti bez naru\u0161avanja za\u0161titne barijere ko\u017ee.<br \/>\nNe isu\u0161uje. Pogodan i za osjetljivu ko\u017eu.<\/p>\n","protected":false},"featured_media":3926,"template":"","meta":[],"product_brand":[],"product_cat":[28],"product_tag":[],"class_list":{"0":"post-3913","1":"product","2":"type-product","3":"status-publish","4":"has-post-thumbnail","6":"product_cat-juvy-skin-hr","8":"first","9":"instock","10":"shipping-taxable","11":"purchasable","12":"product-type-simple"},"_links":{"self":[{"href":"https:\/\/juvyskin.com\/hr\/wp-json\/wp\/v2\/product\/3913","targetHints":{"allow":["GET"]}}],"collection":[{"href":"https:\/\/juvyskin.com\/hr\/wp-json\/wp\/v2\/product"}],"about":[{"href":"https:\/\/juvyskin.com\/hr\/wp-json\/wp\/v2\/types\/product"}],"wp:featuredmedia":[{"embeddable":true,"href":"https:\/\/juvyskin.com\/hr\/wp-json\/wp\/v2\/media\/3926"}],"wp:attachment":[{"href":"https:\/\/juvyskin.com\/hr\/wp-json\/wp\/v2\/media?parent=3913"}],"wp:term":[{"taxonomy":"product_brand","embeddable":true,"href":"https:\/\/juvyskin.com\/hr\/wp-json\/wp\/v2\/product_brand?post=3913"},{"taxonomy":"product_cat","embeddable":true,"href":"https:\/\/juvyskin.com\/hr\/wp-json\/wp\/v2\/product_cat?post=3913"},{"taxonomy":"product_tag","embeddable":true,"href":"https:\/\/juvyskin.com\/hr\/wp-json\/wp\/v2\/product_tag?post=3913"}],"curies":[{"name":"wp","href":"https:\/\/api.w.org\/{rel}","templated":true}]}}