{"id":3938,"date":"2026-04-25T09:25:08","date_gmt":"2026-04-25T09:25:08","guid":{"rendered":"https:\/\/juvyskin.com\/?post_type=product&#038;p=3938"},"modified":"2026-05-04T10:29:57","modified_gmt":"2026-05-04T10:29:57","slug":"cleanse-duo","status":"publish","type":"product","link":"https:\/\/juvyskin.com\/hr\/proizvod\/cleanse-duo\/","title":{"rendered":"Juvy Skin Cleanse duo: Coco Cleanse + Peptide Peel Pads"},"content":{"rendered":"","protected":false},"excerpt":{"rendered":"<p data-start=\"0\" data-end=\"45\">Dvije faze. Jedan iznimno blistav rezultat. Ovaj svakodnevni ritual \u010di\u0161\u0107enja i nje\u017enog pilinga temeljito uklanja ne\u010disto\u0107e, podr\u017eava ko\u017enu barijeru i zagla\u0111uje teksturu ko\u017ee &#8211; za izgled lica kao nakon profesionalnog tretmana, svaki dan.<\/p>\n<p>&nbsp;<\/p>\n<div style=\"display: flex; align-items: flex-start; gap: 16px; margin-bottom: 24px;\">\n<div style=\"width: 64px; height: 64px; flex: 0 0 64px; display: flex; align-items: flex-start; justify-content: center;\"><img decoding=\"async\" style=\"width: 64px; height: 64px; object-fit: contain; display: block;\" src=\"https:\/\/juvyskin.com\/wp-content\/uploads\/2026\/04\/coco-cleanse-cleanser-300x250.png\" alt=\"Coco Cleanse cleanser\" \/><\/div>\n<div style=\"margin: 0; padding-top: 2px; line-height: 1.6;\"><strong>Korak 1 \u2013<\/strong> <strong>Coco Cleanse ultra rich daily cleanser<\/strong>: otapa SPF, \u0161minku i ne\u010disto\u0107e, istovremeno pove\u0107avaju\u0107i hidrataciju i podr\u017eavaju\u0107i ko\u017enu barijeru uz obilje korisnih sastojaka poput 4% betaina, ceramida i hidroliziranog proteina zobi.<\/div>\n<\/div>\n<div style=\"display: flex; align-items: flex-start; gap: 16px;\">\n<div style=\"width: 64px; height: 64px; flex: 0 0 64px; display: flex; align-items: flex-start; justify-content: center;\"><img decoding=\"async\" style=\"width: 64px; height: 64px; object-fit: contain; display: block;\" src=\"https:\/\/juvyskin.com\/wp-content\/uploads\/2026\/04\/peptide-peel-treatment-300x300.png\" alt=\"Peptide Peel Treatment\" \/><\/div>\n<div style=\"margin: 0; padding-top: 2px; line-height: 1.6;\"><strong>Korak 2 \u2013<\/strong> <strong>Peptide Peel Treatment<\/strong>: jastu\u010di\u0107i s biomimeti\u010dkim peptidima i ceramidima koji eksfoliraju, pro\u010di\u0161\u0107avaju pore, smiruju nepravilnosti i hidratiziraju u jednom potezu.<\/div>\n<\/div>\n<p>&nbsp;<\/p>\n<p><strong>Rezultat: \u010dista, zagla\u0111ena i \u201cglass skin\u201d ko\u017ea s manje teksture, manje nepravilnosti i dugoro\u010dno zdravijom ko\u017enom barijerom.<\/strong><\/p>\n<div style=\"background: #F6F3EF; border-left: 4px solid #67645E; padding: 18px 20px; margin: 20px 0 24px 0; color: #67645e;\">\n<div style=\"font-size: 15px; font-weight: bold; margin-bottom: 10px; letter-spacing: 0.2px;\">Za\u0161to \u0107e\u0161 voljeti ovaj duo<\/div>\n<div style=\"font-size: 15px; line-height: 1.7;\">2-step ritual koji zamjenjuje vi\u0161e proizvoda za \u010di\u0161\u0107enje i eksfolijaciju.<br \/>\nPodr\u017eava ko\u017enu barijeru u svakom koraku &#8211; \u010dak i tijekom \u010di\u0161\u0107enja i peelinga.<br \/>\nOstavlja ko\u017eu \u010distom, zagla\u0111enom, punijom i blistavom &#8211; bez zatezanja i crvenila.<\/div>\n<\/div>\n","protected":false},"featured_media":4005,"template":"","meta":[],"product_brand":[],"product_cat":[28],"product_tag":[],"class_list":{"0":"post-3938","1":"product","2":"type-product","3":"status-publish","4":"has-post-thumbnail","6":"product_cat-juvy-skin-hr","8":"first","9":"instock","10":"shipping-taxable","11":"purchasable","12":"product-type-simple"},"_links":{"self":[{"href":"https:\/\/juvyskin.com\/hr\/wp-json\/wp\/v2\/product\/3938","targetHints":{"allow":["GET"]}}],"collection":[{"href":"https:\/\/juvyskin.com\/hr\/wp-json\/wp\/v2\/product"}],"about":[{"href":"https:\/\/juvyskin.com\/hr\/wp-json\/wp\/v2\/types\/product"}],"wp:featuredmedia":[{"embeddable":true,"href":"https:\/\/juvyskin.com\/hr\/wp-json\/wp\/v2\/media\/4005"}],"wp:attachment":[{"href":"https:\/\/juvyskin.com\/hr\/wp-json\/wp\/v2\/media?parent=3938"}],"wp:term":[{"taxonomy":"product_brand","embeddable":true,"href":"https:\/\/juvyskin.com\/hr\/wp-json\/wp\/v2\/product_brand?post=3938"},{"taxonomy":"product_cat","embeddable":true,"href":"https:\/\/juvyskin.com\/hr\/wp-json\/wp\/v2\/product_cat?post=3938"},{"taxonomy":"product_tag","embeddable":true,"href":"https:\/\/juvyskin.com\/hr\/wp-json\/wp\/v2\/product_tag?post=3938"}],"curies":[{"name":"wp","href":"https:\/\/api.w.org\/{rel}","templated":true}]}}